{"id":48,"date":"2021-02-10T11:52:09","date_gmt":"2021-02-10T10:52:09","guid":{"rendered":"https:\/\/www.huber-mairhofer.at\/zeichnung\/en\/?page_id=48"},"modified":"2022-11-28T15:48:07","modified_gmt":"2022-11-28T14:48:07","slug":"wire","status":"publish","type":"page","link":"https:\/\/www.huber-mairhofer.at\/zeichnung\/en\/works\/wire\/","title":{"rendered":"Wire"},"content":{"rendered":"\n<figure class=\"wp-block-gallery has-nested-images columns-2 is-cropped wp-block-gallery-1 is-layout-flex wp-block-gallery-is-layout-flex\">\n<figure class=\"wp-block-image size-large\"><a href=\"https:\/\/www.huber-mairhofer.at\/zeichnung\/wp-content\/uploads\/2020\/04\/image00086-710x1024.jpeg\" data-lbwps-width=\"710\" data-lbwps-height=\"1024\" data-lbwps-srcsmall=\"https:\/\/www.huber-mairhofer.at\/zeichnung\/wp-content\/uploads\/2020\/04\/image00086-710x1024.jpeg\"><img decoding=\"async\" data-id=\"108\" src=\"https:\/\/www.huber-mairhofer.at\/zeichnung\/wp-content\/uploads\/2020\/04\/image00086-710x1024.jpeg\" alt=\"2019. Ein St\u00fcck Draht steht wie eine Skulptur im leeren Raum\" class=\"wp-image-108\"\/><\/a><figcaption class=\"wp-element-caption\">Wire, 2019, Chalk<\/figcaption><\/figure>\n\n\n\n<figure class=\"wp-block-image size-large\"><a href=\"https:\/\/www.huber-mairhofer.at\/zeichnung\/wp-content\/uploads\/2020\/04\/image00082-720x1024.jpeg\" data-lbwps-width=\"720\" data-lbwps-height=\"1024\" data-lbwps-srcsmall=\"https:\/\/www.huber-mairhofer.at\/zeichnung\/wp-content\/uploads\/2020\/04\/image00082-720x1024.jpeg\"><img decoding=\"async\" data-id=\"109\" src=\"https:\/\/www.huber-mairhofer.at\/zeichnung\/wp-content\/uploads\/2020\/04\/image00082-720x1024.jpeg\" alt=\"2019. Ein St\u00fcck Draht steht wie eine Skulptur im leeren Raum\" class=\"wp-image-109\"\/><\/a><figcaption class=\"wp-element-caption\">Wire, 2019, Chalk, Charcoal<\/figcaption><\/figure>\n\n\n\n<figure class=\"wp-block-image size-large\"><a href=\"https:\/\/www.huber-mairhofer.at\/zeichnung\/wp-content\/uploads\/2020\/04\/image00083-1-1024x715.jpg\" data-lbwps-width=\"1024\" data-lbwps-height=\"715\" data-lbwps-srcsmall=\"https:\/\/www.huber-mairhofer.at\/zeichnung\/wp-content\/uploads\/2020\/04\/image00083-1-1024x715.jpg\"><img decoding=\"async\" data-id=\"188\" src=\"https:\/\/www.huber-mairhofer.at\/zeichnung\/wp-content\/uploads\/2020\/04\/image00083-1-1024x715.jpg\" alt=\"2019. Ein St\u00fcck Draht mit einigen Watteb\u00e4uschen\" class=\"wp-image-188\"\/><\/a><figcaption class=\"wp-element-caption\">Wire, 2019, Graphite, Charcoal<\/figcaption><\/figure>\n<\/figure>\n\n\n\n<blockquote class=\"wp-block-quote is-layout-flow wp-block-quote-is-layout-flow\">\n<p>The first drawing of a wire in 2005, was formed in a typically phase of restart drawing, after I avoided it for a while. At the restart of drawing is searching for clearness and safety, for example in classical studies of nature or some realism. <\/p>\n\n\n\n<p>The wire evokes emptiness and realism. Emptiness which do not let the viewers associate anything is hardly to reach. The Viewers often see figures although I did not intent to draw any.<\/p>\n\n\n\n<p>A contemplative visual game of space, light and emptiness.<\/p>\n\n\n\n<p>Sometimes the wire receives a visitation of some soft, fuzzy forms or a weak colorfulness.<\/p>\n<\/blockquote>\n\n\n\n<figure class=\"wp-block-gallery has-nested-images columns-2 is-cropped wp-block-gallery-2 is-layout-flex wp-block-gallery-is-layout-flex\">\n<figure class=\"wp-block-image size-large\"><a href=\"https:\/\/www.huber-mairhofer.at\/zeichnung\/wp-content\/uploads\/2020\/04\/image00018_klein-768x1024.jpg\" data-lbwps-width=\"768\" data-lbwps-height=\"1024\" data-lbwps-srcsmall=\"https:\/\/www.huber-mairhofer.at\/zeichnung\/wp-content\/uploads\/2020\/04\/image00018_klein-768x1024.jpg\"><img decoding=\"async\" data-id=\"116\" src=\"https:\/\/www.huber-mairhofer.at\/zeichnung\/wp-content\/uploads\/2020\/04\/image00018_klein-768x1024.jpg\" alt=\"2019. Ein Drahtkn\u00e4uel steht wie eine Skulptur im leeren Raum\" class=\"wp-image-116\"\/><\/a><figcaption class=\"wp-element-caption\">Wire, 2019, Graphite<\/figcaption><\/figure>\n\n\n\n<figure class=\"wp-block-image size-large\"><a href=\"https:\/\/www.huber-mairhofer.at\/zeichnung\/wp-content\/uploads\/2020\/04\/image00081-747x1024.jpeg\" data-lbwps-width=\"747\" data-lbwps-height=\"1024\" data-lbwps-srcsmall=\"https:\/\/www.huber-mairhofer.at\/zeichnung\/wp-content\/uploads\/2020\/04\/image00081-747x1024.jpeg\"><img decoding=\"async\" data-id=\"110\" src=\"https:\/\/www.huber-mairhofer.at\/zeichnung\/wp-content\/uploads\/2020\/04\/image00081-747x1024.jpeg\" alt=\"2019. Ein St\u00fcck Draht steht wie eine Skulptur im leeren Raum\" class=\"wp-image-110\"\/><\/a><figcaption class=\"wp-element-caption\">Wire, 2019, Chalk<\/figcaption><\/figure>\n\n\n\n<figure class=\"wp-block-image size-large\"><a href=\"https:\/\/www.huber-mairhofer.at\/zeichnung\/wp-content\/uploads\/2020\/04\/image00080-765x1024.jpeg\" data-lbwps-width=\"765\" data-lbwps-height=\"1024\" data-lbwps-srcsmall=\"https:\/\/www.huber-mairhofer.at\/zeichnung\/wp-content\/uploads\/2020\/04\/image00080-765x1024.jpeg\"><img decoding=\"async\" data-id=\"111\" src=\"https:\/\/www.huber-mairhofer.at\/zeichnung\/wp-content\/uploads\/2020\/04\/image00080-765x1024.jpeg\" alt=\"2019. Ein St\u00fcck Draht h\u00e4ngt wie eine Skulptur \u00fcber die Bildfl\u00e4che\" class=\"wp-image-111\"\/><\/a><figcaption class=\"wp-element-caption\">Wire, 2019, Chalk<\/figcaption><\/figure>\n<\/figure>\n\n\n\n<figure class=\"wp-block-gallery has-nested-images columns-1 is-cropped wp-block-gallery-3 is-layout-flex wp-block-gallery-is-layout-flex\">\n<figure class=\"wp-block-image size-large\"><a href=\"https:\/\/www.huber-mairhofer.at\/zeichnung\/wp-content\/uploads\/2020\/04\/image00087-1-1024x726.jpg\" data-lbwps-width=\"1024\" data-lbwps-height=\"726\" data-lbwps-srcsmall=\"https:\/\/www.huber-mairhofer.at\/zeichnung\/wp-content\/uploads\/2020\/04\/image00087-1-1024x726.jpg\"><img decoding=\"async\" data-id=\"187\" src=\"https:\/\/www.huber-mairhofer.at\/zeichnung\/wp-content\/uploads\/2020\/04\/image00087-1-1024x726.jpg\" alt=\"2019. Ein St\u00fcck Draht mit einigen Watteb\u00e4uschen\" class=\"wp-image-187\"\/><\/a><figcaption class=\"wp-element-caption\">Wire, 2019, Graphite, Charcoal<\/figcaption><\/figure>\n<\/figure>\n","protected":false},"excerpt":{"rendered":"<p>The first drawing of a wire in 2005, was formed in a typically phase of restart drawing, after I avoided it for a while. At the restart of drawing is searching for clearness and safety, for example in classical studies of nature or some realism. The wire evokes emptiness and realism. Emptiness which do not [&hellip;]<\/p>\n","protected":false},"author":1,"featured_media":0,"parent":2,"menu_order":0,"comment_status":"closed","ping_status":"closed","template":"","meta":{"footnotes":""},"class_list":["post-48","page","type-page","status-publish","hentry"],"_links":{"self":[{"href":"https:\/\/www.huber-mairhofer.at\/zeichnung\/en\/wp-json\/wp\/v2\/pages\/48"}],"collection":[{"href":"https:\/\/www.huber-mairhofer.at\/zeichnung\/en\/wp-json\/wp\/v2\/pages"}],"about":[{"href":"https:\/\/www.huber-mairhofer.at\/zeichnung\/en\/wp-json\/wp\/v2\/types\/page"}],"author":[{"embeddable":true,"href":"https:\/\/www.huber-mairhofer.at\/zeichnung\/en\/wp-json\/wp\/v2\/users\/1"}],"replies":[{"embeddable":true,"href":"https:\/\/www.huber-mairhofer.at\/zeichnung\/en\/wp-json\/wp\/v2\/comments?post=48"}],"version-history":[{"count":6,"href":"https:\/\/www.huber-mairhofer.at\/zeichnung\/en\/wp-json\/wp\/v2\/pages\/48\/revisions"}],"predecessor-version":[{"id":802,"href":"https:\/\/www.huber-mairhofer.at\/zeichnung\/en\/wp-json\/wp\/v2\/pages\/48\/revisions\/802"}],"up":[{"embeddable":true,"href":"https:\/\/www.huber-mairhofer.at\/zeichnung\/en\/wp-json\/wp\/v2\/pages\/2"}],"wp:attachment":[{"href":"https:\/\/www.huber-mairhofer.at\/zeichnung\/en\/wp-json\/wp\/v2\/media?parent=48"}],"curies":[{"name":"wp","href":"https:\/\/api.w.org\/{rel}","templated":true}]}}